{"id":1419,"date":"2021-11-08T12:32:24","date_gmt":"2021-11-08T09:32:24","guid":{"rendered":"https:\/\/www.servisservis.com.tr\/?page_id=1419"},"modified":"2022-11-16T13:58:43","modified_gmt":"2022-11-16T10:58:43","slug":"hizmetlerimiz","status":"publish","type":"page","link":"https:\/\/www.servisservis.com.tr\/?page_id=1419","title":{"rendered":"Hizmetlerimiz"},"content":{"rendered":"\t\t<div data-elementor-type=\"wp-page\" data-elementor-id=\"1419\" class=\"elementor elementor-1419\">\n\t\t\t\t\t\t\t\t\t<section class=\"elementor-section elementor-top-section elementor-element elementor-element-5e67958 elementor-section-boxed elementor-section-height-default elementor-section-height-default\" data-id=\"5e67958\" data-element_type=\"section\">\n\t\t\t\t\t\t<div class=\"elementor-container elementor-column-gap-default\">\n\t\t\t\t\t<div class=\"elementor-column elementor-col-100 elementor-top-column elementor-element elementor-element-0f60ff2\" data-id=\"0f60ff2\" data-element_type=\"column\">\n\t\t\t<div class=\"elementor-widget-wrap elementor-element-populated\">\n\t\t\t\t\t\t\t\t<div class=\"elementor-element elementor-element-91f6f98 elementor-widget elementor-widget-elementskit-heading\" data-id=\"91f6f98\" data-element_type=\"widget\" data-widget_type=\"elementskit-heading.default\">\n\t\t\t\t<div class=\"elementor-widget-container\">\n\t\t\t<div class=\"ekit-wid-con\" ><div class=\"ekit-heading elementskit-section-title-wraper text_center   ekit_heading_tablet-   ekit_heading_mobile-\"><h3 class=\"elementskit-section-subtitle  \">\n\t\t\t\t\t\tHizmetlerimiz\n\t\t\t\t\t<\/h3><\/div><\/div>\t\t<\/div>\n\t\t\t\t<\/div>\n\t\t\t\t<section class=\"elementor-section elementor-inner-section elementor-element elementor-element-42e316a elementor-section-boxed elementor-section-height-default elementor-section-height-default\" data-id=\"42e316a\" data-element_type=\"section\">\n\t\t\t\t\t\t<div class=\"elementor-container elementor-column-gap-default\">\n\t\t\t\t\t<div class=\"elementor-column elementor-col-33 elementor-inner-column elementor-element elementor-element-0fe7706\" data-id=\"0fe7706\" data-element_type=\"column\">\n\t\t\t<div class=\"elementor-widget-wrap elementor-element-populated\">\n\t\t\t\t\t\t\t\t<div class=\"elementor-element elementor-element-0336068 elementor-widget elementor-widget-autrics-service\" data-id=\"0336068\" data-element_type=\"widget\" data-widget_type=\"autrics-service.default\">\n\t\t\t\t<div class=\"elementor-widget-container\">\n\t\t\t  \n         \n\n        \n\n       \n    \n      <div class=\"ts-service-wrapper\">\n               <span class=\"service-img\">\n                  <img decoding=\"async\" class=\"img-fluid\" src=\"https:\/\/www.servisservis.com.tr\/wp-content\/uploads\/2022\/10\/empty-modern-room-with-furniture-1.jpg\" alt=\"service-img\">\n               <\/span> <!-- Service Img end -->\n               <div class=\"service-content\">\n                                    <div class=\"service-icon\">\n                     <i class=\"icon icon-services_icon_1\"><\/i>\n                     <\/div> <!-- Service icon end -->\n                                 <h3 class=\"ts-service-title\">\n                        <a href=\"https:\/\/www.servisservis.com.tr\/?ts_service=ankastre\">Ankastre                        <\/a>\n                     <\/h3>\n                                          <p>\n                       G\u00fcnl\u00fck hayatta ankastre \u00fcr\u00fcnlere son... \n                     <\/p>\n                      \n                                            <a href=\"https:\/\/www.servisservis.com.tr\/?ts_service=ankastre\" class=\"readmore\"> Devam\u0131n\u0131 Oku                        \n                        <i class=\"fa fa-arrow-right\"><\/i>\n                        \n                      <\/a>\n                      \n                    \n               <\/div> <!-- Service content end -->\n      <\/div> <!-- Service wrapper end -->   \n\n      \n\n\n      \n   \t\t<\/div>\n\t\t\t\t<\/div>\n\t\t\t\t\t<\/div>\n\t\t<\/div>\n\t\t\t\t<div class=\"elementor-column elementor-col-33 elementor-inner-column elementor-element elementor-element-a960891\" data-id=\"a960891\" data-element_type=\"column\">\n\t\t\t<div class=\"elementor-widget-wrap elementor-element-populated\">\n\t\t\t\t\t\t\t\t<div class=\"elementor-element elementor-element-320848e elementor-widget elementor-widget-autrics-service\" data-id=\"320848e\" data-element_type=\"widget\" data-widget_type=\"autrics-service.default\">\n\t\t\t\t<div class=\"elementor-widget-container\">\n\t\t\t  \n         \n\n        \n\n       \n    \n      <div class=\"ts-service-wrapper\">\n               <span class=\"service-img\">\n                  <img decoding=\"async\" class=\"img-fluid\" src=\"https:\/\/www.servisservis.com.tr\/wp-content\/uploads\/2022\/10\/close-up-oven-with-golden-details-1.jpg\" alt=\"service-img\">\n               <\/span> <!-- Service Img end -->\n               <div class=\"service-content\">\n                                    <div class=\"service-icon\">\n                     <i class=\"icon icon-services_icon_1\"><\/i>\n                     <\/div> <!-- Service icon end -->\n                                 <h3 class=\"ts-service-title\">\n                        <a href=\"https:\/\/www.servisservis.com.tr\/?ts_service=firin\">F\u0131r\u0131n                        <\/a>\n                     <\/h3>\n                                          <p>\n                       F\u0131r\u0131ndan en verimli \u015fekilde yararlanmak ve yemeklerinizin... \n                     <\/p>\n                      \n                                            <a href=\"https:\/\/www.servisservis.com.tr\/?ts_service=firin\" class=\"readmore\"> Devam\u0131n\u0131 Oku                        \n                        <i class=\"fa fa-arrow-right\"><\/i>\n                        \n                      <\/a>\n                      \n                    \n               <\/div> <!-- Service content end -->\n      <\/div> <!-- Service wrapper end -->   \n\n      \n\n\n      \n   \t\t<\/div>\n\t\t\t\t<\/div>\n\t\t\t\t\t<\/div>\n\t\t<\/div>\n\t\t\t\t<div class=\"elementor-column elementor-col-33 elementor-inner-column elementor-element elementor-element-edb608a\" data-id=\"edb608a\" data-element_type=\"column\">\n\t\t\t<div class=\"elementor-widget-wrap elementor-element-populated\">\n\t\t\t\t\t\t\t\t<div class=\"elementor-element elementor-element-0aafe5b elementor-widget elementor-widget-autrics-service\" data-id=\"0aafe5b\" data-element_type=\"widget\" data-widget_type=\"autrics-service.default\">\n\t\t\t\t<div class=\"elementor-widget-container\">\n\t\t\t  \n         \n\n        \n\n       \n    \n      <div class=\"ts-service-wrapper\">\n               <span class=\"service-img\">\n                  <img decoding=\"async\" class=\"img-fluid\" src=\"https:\/\/www.servisservis.com.tr\/wp-content\/uploads\/2022\/10\/young-happy-woman-leaning-her-new-refrigerator-mall-1.jpg\" alt=\"service-img\">\n               <\/span> <!-- Service Img end -->\n               <div class=\"service-content\">\n                                    <div class=\"service-icon\">\n                     <i class=\"icon icon-services_icon_1\"><\/i>\n                     <\/div> <!-- Service icon end -->\n                                 <h3 class=\"ts-service-title\">\n                        <a href=\"https:\/\/www.servisservis.com.tr\/?ts_service=derin-dondurucu\">Derin Dondurucu                        <\/a>\n                     <\/h3>\n                                          <p>\n                       Yiyeceklerinizi saklad\u0131\u011f\u0131n\u0131z dondurucular\u0131n kesintisiz... \n                     <\/p>\n                      \n                                            <a href=\"https:\/\/www.servisservis.com.tr\/?ts_service=derin-dondurucu\" class=\"readmore\"> Devam\u0131n\u0131 Oku                        \n                        <i class=\"fa fa-arrow-right\"><\/i>\n                        \n                      <\/a>\n                      \n                    \n               <\/div> <!-- Service content end -->\n      <\/div> <!-- Service wrapper end -->   \n\n      \n\n\n      \n   \t\t<\/div>\n\t\t\t\t<\/div>\n\t\t\t\t\t<\/div>\n\t\t<\/div>\n\t\t\t\t\t\t\t<\/div>\n\t\t<\/section>\n\t\t\t\t<section class=\"elementor-section elementor-inner-section elementor-element elementor-element-1a90a10 elementor-section-boxed elementor-section-height-default elementor-section-height-default\" data-id=\"1a90a10\" data-element_type=\"section\">\n\t\t\t\t\t\t<div class=\"elementor-container elementor-column-gap-default\">\n\t\t\t\t\t<div class=\"elementor-column elementor-col-33 elementor-inner-column elementor-element elementor-element-3cdd956\" data-id=\"3cdd956\" data-element_type=\"column\">\n\t\t\t<div class=\"elementor-widget-wrap elementor-element-populated\">\n\t\t\t\t\t\t\t\t<div class=\"elementor-element elementor-element-b57bb17 elementor-widget elementor-widget-autrics-service\" data-id=\"b57bb17\" data-element_type=\"widget\" data-widget_type=\"autrics-service.default\">\n\t\t\t\t<div class=\"elementor-widget-container\">\n\t\t\t  \n         \n\n        \n\n       \n    \n      <div class=\"ts-service-wrapper\">\n               <span class=\"service-img\">\n                  <img decoding=\"async\" class=\"img-fluid\" src=\"https:\/\/www.servisservis.com.tr\/wp-content\/uploads\/2022\/10\/build-dishwasher-with-opened-door-gray-kitchen-1.jpg\" alt=\"service-img\">\n               <\/span> <!-- Service Img end -->\n               <div class=\"service-content\">\n                                    <div class=\"service-icon\">\n                     <i class=\"icon icon-services_icon_1\"><\/i>\n                     <\/div> <!-- Service icon end -->\n                                 <h3 class=\"ts-service-title\">\n                        <a href=\"https:\/\/www.servisservis.com.tr\/?ts_service=bulasik-makinesi\">Bula\u015f\u0131k Makinesi                        <\/a>\n                     <\/h3>\n                                          <p>\n                       Bula\u015f\u0131k makinenizin ar\u0131zaland\u0131\u011f\u0131 zaman endi\u015felenip kendinize... \n                     <\/p>\n                      \n                                            <a href=\"https:\/\/www.servisservis.com.tr\/?ts_service=bulasik-makinesi\" class=\"readmore\"> Devam\u0131n\u0131 Oku                        \n                        <i class=\"fa fa-arrow-right\"><\/i>\n                        \n                      <\/a>\n                      \n                    \n               <\/div> <!-- Service content end -->\n      <\/div> <!-- Service wrapper end -->   \n\n      \n\n\n      \n   \t\t<\/div>\n\t\t\t\t<\/div>\n\t\t\t\t<div class=\"elementor-element elementor-element-8bd1dce elementor-widget elementor-widget-autrics-service\" data-id=\"8bd1dce\" data-element_type=\"widget\" data-widget_type=\"autrics-service.default\">\n\t\t\t\t<div class=\"elementor-widget-container\">\n\t\t\t  \n         \n\n        \n\n       \n    \n      <div class=\"ts-service-wrapper\">\n               <span class=\"service-img\">\n                  <img decoding=\"async\" class=\"img-fluid\" src=\"https:\/\/www.servisservis.com.tr\/wp-content\/uploads\/2022\/10\/washing-machine-minimal-laundry-room-interior-design-4-1.jpg\" alt=\"service-img\">\n               <\/span> <!-- Service Img end -->\n               <div class=\"service-content\">\n                                    <div class=\"service-icon\">\n                     <i class=\"icon icon-services_icon_1\"><\/i>\n                     <\/div> <!-- Service icon end -->\n                                 <h3 class=\"ts-service-title\">\n                        <a href=\"https:\/\/www.servisservis.com.tr\/?ts_service=camasir-makinesi\">\u00c7ama\u015f\u0131r Makinesi                        <\/a>\n                     <\/h3>\n                                          <p>\n                       \u00c7ama\u015f\u0131r makineleri, zamanla leke \u00e7\u0131kartma \u00f6zelli\u011fini... \n                     <\/p>\n                      \n                                            <a href=\"https:\/\/www.servisservis.com.tr\/?ts_service=camasir-makinesi\" class=\"readmore\"> Devam\u0131n\u0131 Oku                        \n                        <i class=\"fa fa-arrow-right\"><\/i>\n                        \n                      <\/a>\n                      \n                    \n               <\/div> <!-- Service content end -->\n      <\/div> <!-- Service wrapper end -->   \n\n      \n\n\n      \n   \t\t<\/div>\n\t\t\t\t<\/div>\n\t\t\t\t\t<\/div>\n\t\t<\/div>\n\t\t\t\t<div class=\"elementor-column elementor-col-33 elementor-inner-column elementor-element elementor-element-dd80374\" data-id=\"dd80374\" data-element_type=\"column\">\n\t\t\t<div class=\"elementor-widget-wrap elementor-element-populated\">\n\t\t\t\t\t\t\t\t<div class=\"elementor-element elementor-element-207b8e8 elementor-widget elementor-widget-autrics-service\" data-id=\"207b8e8\" data-element_type=\"widget\" data-widget_type=\"autrics-service.default\">\n\t\t\t\t<div class=\"elementor-widget-container\">\n\t\t\t  \n         \n\n        \n\n       \n    \n      <div class=\"ts-service-wrapper\">\n               <span class=\"service-img\">\n                  <img decoding=\"async\" class=\"img-fluid\" src=\"https:\/\/www.servisservis.com.tr\/wp-content\/uploads\/2022\/10\/kitchen-young-housewife-standing-near-fridge-kitchen-1.jpg\" alt=\"service-img\">\n               <\/span> <!-- Service Img end -->\n               <div class=\"service-content\">\n                                    <div class=\"service-icon\">\n                     <i class=\"icon icon-services_icon_1\"><\/i>\n                     <\/div> <!-- Service icon end -->\n                                 <h3 class=\"ts-service-title\">\n                        <a href=\"https:\/\/www.servisservis.com.tr\/?ts_service=buzdolabi\">Buzdolab\u0131                        <\/a>\n                     <\/h3>\n                                          <p>\n                       Buzdolab\u0131 teknik servisimiz, d\u00fczg\u00fcn \u00e7al\u0131\u015fmayan... \n                     <\/p>\n                      \n                                            <a href=\"https:\/\/www.servisservis.com.tr\/?ts_service=buzdolabi\" class=\"readmore\"> Devam\u0131n\u0131 Oku                        \n                        <i class=\"fa fa-arrow-right\"><\/i>\n                        \n                      <\/a>\n                      \n                    \n               <\/div> <!-- Service content end -->\n      <\/div> <!-- Service wrapper end -->   \n\n      \n\n\n      \n   \t\t<\/div>\n\t\t\t\t<\/div>\n\t\t\t\t<div class=\"elementor-element elementor-element-d52977b elementor-widget elementor-widget-autrics-service\" data-id=\"d52977b\" data-element_type=\"widget\" data-widget_type=\"autrics-service.default\">\n\t\t\t\t<div class=\"elementor-widget-container\">\n\t\t\t  \n         \n\n        \n\n       \n    \n      <div class=\"ts-service-wrapper\">\n               <span class=\"service-img\">\n                  <img decoding=\"async\" class=\"img-fluid\" src=\"https:\/\/www.servisservis.com.tr\/wp-content\/uploads\/2022\/10\/worker-repairing-water-heater-2.jpg\" alt=\"service-img\">\n               <\/span> <!-- Service Img end -->\n               <div class=\"service-content\">\n                                    <div class=\"service-icon\">\n                     <i class=\"icon icon-services_icon_1\"><\/i>\n                     <\/div> <!-- Service icon end -->\n                                 <h3 class=\"ts-service-title\">\n                        <a href=\"https:\/\/www.servisservis.com.tr\/?ts_service=kombi\">Kombi                        <\/a>\n                     <\/h3>\n                                          <p>\n                       Evde kullan\u0131lan do\u011falgaz, \u00f6zellikle k\u0131\u015f\u0131n \u0131s\u0131nma, yaz\u0131n... \n                     <\/p>\n                      \n                                            <a href=\"https:\/\/www.servisservis.com.tr\/?ts_service=kombi\" class=\"readmore\"> Devam\u0131n\u0131 Oku                        \n                        <i class=\"fa fa-arrow-right\"><\/i>\n                        \n                      <\/a>\n                      \n                    \n               <\/div> <!-- Service content end -->\n      <\/div> <!-- Service wrapper end -->   \n\n      \n\n\n      \n   \t\t<\/div>\n\t\t\t\t<\/div>\n\t\t\t\t\t<\/div>\n\t\t<\/div>\n\t\t\t\t<div class=\"elementor-column elementor-col-33 elementor-inner-column elementor-element elementor-element-6fedcc1\" data-id=\"6fedcc1\" data-element_type=\"column\">\n\t\t\t<div class=\"elementor-widget-wrap elementor-element-populated\">\n\t\t\t\t\t\t\t\t<div class=\"elementor-element elementor-element-faf84b9 elementor-widget elementor-widget-autrics-service\" data-id=\"faf84b9\" data-element_type=\"widget\" data-widget_type=\"autrics-service.default\">\n\t\t\t\t<div class=\"elementor-widget-container\">\n\t\t\t  \n         \n\n        \n\n       \n    \n      <div class=\"ts-service-wrapper\">\n               <span class=\"service-img\">\n                  <img decoding=\"async\" class=\"img-fluid\" src=\"https:\/\/www.servisservis.com.tr\/wp-content\/uploads\/2022\/10\/air-conditioning-decoration-interior-1.jpg\" alt=\"service-img\">\n               <\/span> <!-- Service Img end -->\n               <div class=\"service-content\">\n                                    <div class=\"service-icon\">\n                     <i class=\"icon icon-services_icon_1\"><\/i>\n                     <\/div> <!-- Service icon end -->\n                                 <h3 class=\"ts-service-title\">\n                        <a href=\"https:\/\/www.servisservis.com.tr\/?ts_service=klima\">Klima                        <\/a>\n                     <\/h3>\n                                          <p>\n                       Klimalar; Her t\u00fcrl\u00fc kliman\u0131n bak\u0131m\u0131n\u0131 yapmak, klima... \n                     <\/p>\n                      \n                                            <a href=\"https:\/\/www.servisservis.com.tr\/?ts_service=klima\" class=\"readmore\"> Devam\u0131n\u0131 Oku                        \n                        <i class=\"fa fa-arrow-right\"><\/i>\n                        \n                      <\/a>\n                      \n                    \n               <\/div> <!-- Service content end -->\n      <\/div> <!-- Service wrapper end -->   \n\n      \n\n\n      \n   \t\t<\/div>\n\t\t\t\t<\/div>\n\t\t\t\t<div class=\"elementor-element elementor-element-eff9e6f elementor-widget elementor-widget-autrics-service\" data-id=\"eff9e6f\" data-element_type=\"widget\" data-widget_type=\"autrics-service.default\">\n\t\t\t\t<div class=\"elementor-widget-container\">\n\t\t\t  \n         \n\n        \n\n       \n    \n      <div class=\"ts-service-wrapper\">\n               <span class=\"service-img\">\n                  <img decoding=\"async\" class=\"img-fluid\" src=\"https:\/\/www.servisservis.com.tr\/wp-content\/uploads\/2022\/10\/tv-cabinet-modern-living-room-with-armchair-dark-blue-concrete-wall-background-2.jpg\" alt=\"service-img\">\n               <\/span> <!-- Service Img end -->\n               <div class=\"service-content\">\n                                    <div class=\"service-icon\">\n                     <i class=\"icon icon-services_icon_1\"><\/i>\n                     <\/div> <!-- Service icon end -->\n                                 <h3 class=\"ts-service-title\">\n                        <a href=\"https:\/\/www.servisservis.com.tr\/?ts_service=televizyon\">Televizyon                        <\/a>\n                     <\/h3>\n                                          <p>\n                       Teleservis, firmam\u0131z\u0131n uzman bir hizmetidir ve olas\u0131... \n                     <\/p>\n                      \n                                            <a href=\"https:\/\/www.servisservis.com.tr\/?ts_service=televizyon\" class=\"readmore\"> Devam\u0131n\u0131 Oku                        \n                        <i class=\"fa fa-arrow-right\"><\/i>\n                        \n                      <\/a>\n                      \n                    \n               <\/div> <!-- Service content end -->\n      <\/div> <!-- Service wrapper end -->   \n\n      \n\n\n      \n   \t\t<\/div>\n\t\t\t\t<\/div>\n\t\t\t\t\t<\/div>\n\t\t<\/div>\n\t\t\t\t\t\t\t<\/div>\n\t\t<\/section>\n\t\t\t\t\t<\/div>\n\t\t<\/div>\n\t\t\t\t\t\t\t<\/div>\n\t\t<\/section>\n\t\t\t\t\t\t\t<\/div>\n\t\t","protected":false},"excerpt":{"rendered":"<p>Hizmetlerimiz Ankastre G\u00fcnl\u00fck hayatta ankastre \u00fcr\u00fcnlere son&#8230; Devam\u0131n\u0131 Oku F\u0131r\u0131n F\u0131r\u0131ndan en verimli \u015fekilde yararlanmak ve yemeklerinizin&#8230; Devam\u0131n\u0131 Oku Derin Dondurucu Yiyeceklerinizi saklad\u0131\u011f\u0131n\u0131z dondurucular\u0131n kesintisiz&#8230; Devam\u0131n\u0131 Oku Bula\u015f\u0131k Makinesi Bula\u015f\u0131k makinenizin ar\u0131zaland\u0131\u011f\u0131 zaman endi\u015felenip kendinize&#8230; Devam\u0131n\u0131 Oku \u00c7ama\u015f\u0131r Makinesi \u00c7ama\u015f\u0131r makineleri, zamanla leke \u00e7\u0131kartma \u00f6zelli\u011fini&#8230; Devam\u0131n\u0131 Oku Buzdolab\u0131 Buzdolab\u0131 teknik servisimiz, d\u00fczg\u00fcn \u00e7al\u0131\u015fmayan&#8230; Devam\u0131n\u0131 Oku [&hellip;]<\/p>\n","protected":false},"author":1,"featured_media":0,"parent":0,"menu_order":0,"comment_status":"closed","ping_status":"closed","template":"template\/full-width-template.php","meta":{"footnotes":""},"class_list":["post-1419","page","type-page","status-publish","hentry"],"_links":{"self":[{"href":"https:\/\/www.servisservis.com.tr\/index.php?rest_route=\/wp\/v2\/pages\/1419","targetHints":{"allow":["GET"]}}],"collection":[{"href":"https:\/\/www.servisservis.com.tr\/index.php?rest_route=\/wp\/v2\/pages"}],"about":[{"href":"https:\/\/www.servisservis.com.tr\/index.php?rest_route=\/wp\/v2\/types\/page"}],"author":[{"embeddable":true,"href":"https:\/\/www.servisservis.com.tr\/index.php?rest_route=\/wp\/v2\/users\/1"}],"replies":[{"embeddable":true,"href":"https:\/\/www.servisservis.com.tr\/index.php?rest_route=%2Fwp%2Fv2%2Fcomments&post=1419"}],"version-history":[{"count":0,"href":"https:\/\/www.servisservis.com.tr\/index.php?rest_route=\/wp\/v2\/pages\/1419\/revisions"}],"wp:attachment":[{"href":"https:\/\/www.servisservis.com.tr\/index.php?rest_route=%2Fwp%2Fv2%2Fmedia&parent=1419"}],"curies":[{"name":"wp","href":"https:\/\/api.w.org\/{rel}","templated":true}]}}